{"id":448,"date":"2023-03-13T17:48:44","date_gmt":"2023-03-13T14:48:44","guid":{"rendered":"https:\/\/www.bumesh.com.tr\/tr\/?page_id=448"},"modified":"2023-03-13T17:48:44","modified_gmt":"2023-03-13T14:48:44","slug":"vizyon-misyon","status":"publish","type":"page","link":"https:\/\/www.bumesh.com.tr\/tr\/vizyon-misyon","title":{"rendered":"Vizyon &#038; Misyon"},"content":{"rendered":"\n<h2 class=\"wp-block-heading\">Vizyonumuz<\/h2>\n\n\n\n<p>Bumesh Teknik Enerji Otomotiv \u0130n\u015faat Is\u0131tma So\u011futma San. ve Tic. Ltd. \u015eti., sac par\u00e7a form verme, punta kaynak montaj i\u015flerinde m\u00fc\u015fteri beklentilerinin eksiksiz kar\u015f\u0131lama stratejisi ile yat\u0131r\u0131mlar\u0131na ara vermeden sekt\u00f6rde tercih edilen ve en iyiler aras\u0131nda ilk s\u0131rada yer almakt\u0131r.<\/p>\n\n\n\n<h2 class=\"wp-block-heading\">Misyonumuz<\/h2>\n\n\n\n<ul class=\"wp-block-list\">\n<li>M\u00fc\u015fteri ihtiya\u00e7 ve beklentilerini kar\u015f\u0131layan kalitede, rekabet\u00e7i fiyat avantaj\u0131na sahip, zaman\u0131nda ve g\u00fcvenilir \u00fcr\u00fcn \u00fcretmek.<\/li>\n\n\n\n<li>\u00c7evreye ve do\u011faya sayg\u0131l\u0131, y\u00fcksek kalite standard\u0131nda \u00fcretim yapmak.<\/li>\n\n\n\n<li>Zaman\u0131nda \u00fcretmek ve hizmet vermek anlay\u0131\u015f\u0131yla ko\u015fulsuz m\u00fc\u015fteri memnuniyetini sa\u011flamak.<\/li>\n\n\n\n<li>Sekt\u00f6rde tercih edilen konumunu g\u00fc\u00e7lendirmek ve sekt\u00f6rde \u00f6rnek g\u00f6sterilen, g\u00fc\u00e7l\u00fc bir \u00fcretim firmas\u0131 olmak.<\/li>\n<\/ul>\n","protected":false},"excerpt":{"rendered":"<p>Vizyonumuz Bumesh Teknik Enerji Otomotiv \u0130n\u015faat Is\u0131tma So\u011futma San. ve Tic. Ltd. \u015eti., sac par\u00e7a form verme, punta kaynak montaj i\u015flerinde m\u00fc\u015fteri beklentilerinin eksiksiz kar\u015f\u0131lama stratejisi ile yat\u0131r\u0131mlar\u0131na ara vermeden sekt\u00f6rde tercih edilen ve en iyiler aras\u0131nda ilk s\u0131rada yer almakt\u0131r. Misyonumuz<\/p>\n","protected":false},"author":2,"featured_media":0,"parent":0,"menu_order":0,"comment_status":"closed","ping_status":"closed","template":"","meta":{"footnotes":"","_links_to":"","_links_to_target":""},"class_list":["post-448","page","type-page","status-publish","hentry"],"_links":{"self":[{"href":"https:\/\/www.bumesh.com.tr\/tr\/wp-json\/wp\/v2\/pages\/448","targetHints":{"allow":["GET"]}}],"collection":[{"href":"https:\/\/www.bumesh.com.tr\/tr\/wp-json\/wp\/v2\/pages"}],"about":[{"href":"https:\/\/www.bumesh.com.tr\/tr\/wp-json\/wp\/v2\/types\/page"}],"author":[{"embeddable":true,"href":"https:\/\/www.bumesh.com.tr\/tr\/wp-json\/wp\/v2\/users\/2"}],"replies":[{"embeddable":true,"href":"https:\/\/www.bumesh.com.tr\/tr\/wp-json\/wp\/v2\/comments?post=448"}],"version-history":[{"count":1,"href":"https:\/\/www.bumesh.com.tr\/tr\/wp-json\/wp\/v2\/pages\/448\/revisions"}],"predecessor-version":[{"id":449,"href":"https:\/\/www.bumesh.com.tr\/tr\/wp-json\/wp\/v2\/pages\/448\/revisions\/449"}],"wp:attachment":[{"href":"https:\/\/www.bumesh.com.tr\/tr\/wp-json\/wp\/v2\/media?parent=448"}],"curies":[{"name":"wp","href":"https:\/\/api.w.org\/{rel}","templated":true}]}}