{"id":445,"date":"2023-03-13T17:46:54","date_gmt":"2023-03-13T14:46:54","guid":{"rendered":"https:\/\/www.bumesh.com.tr\/tr\/?page_id=445"},"modified":"2023-03-13T17:46:55","modified_gmt":"2023-03-13T14:46:55","slug":"kalite-politikamiz","status":"publish","type":"page","link":"https:\/\/www.bumesh.com.tr\/tr\/kalite-politikamiz","title":{"rendered":"Kalite Politikam\u0131z"},"content":{"rendered":"\n<ul class=\"wp-block-list\">\n<li>Kalite Y\u00f6netim Sistem \u015fartlar\u0131n\u0131n gerekliliklerini yerine getirmek.<\/li>\n\n\n\n<li>Y\u00f6netsel, m\u00fc\u015fteri odakl\u0131 ve destek s\u00fcre\u00e7lerinin etkinli\u011fini ve verimlili\u011fini s\u00fcrekli iyile\u015ftirmek.<\/li>\n\n\n\n<li>\u00c7al\u0131\u015fanlar\u0131m\u0131z\u0131n yetkinli\u011fini artt\u0131rmak, ekip \u00e7al\u0131\u015fmas\u0131n\u0131 ger\u00e7ekle\u015ftirmek.<\/li>\n\n\n\n<li>\u0130\u00e7 ve D\u0131\u015f hususlar\u0131 dikkate alarak t\u00fcm s\u00fcre\u00e7 ve faaliyetlerimizde risk ve f\u0131rsatlar\u0131 de\u011ferlendirmek,<\/li>\n\n\n\n<li>Payda\u015flar\u0131n ihtiya\u00e7 ve beklentilerini s\u00fcrd\u00fcr\u00fclebilir olarak kar\u015f\u0131lamak.<\/li>\n\n\n\n<li>R\u00fc\u015fvete kar\u015f\u0131 olmak, bilgi s\u0131z\u0131nt\u0131s\u0131na izin vermemek ve etik davran\u0131\u015f kurallar\u0131na uymak,<\/li>\n\n\n\n<li>Yasal mevzuatlara uyum sa\u011flamak.<\/li>\n\n\n\n<li>\u00c7evrenin korunmas\u0131 ve do\u011fal kaynaklar\u0131m\u0131z\u0131n verimli bir \u015fekilde kullan\u0131lmas\u0131n\u0131 sa\u011flamak.<\/li>\n\n\n\n<li>\u00c7al\u0131\u015fanlar\u0131m\u0131z\u0131n i\u015fyerindeki g\u00fcvenli\u011fini sa\u011flamak ve uygun \u00e7al\u0131\u015fma ortam yaratmak.<\/li>\n\n\n\n<li>Tedarik\u00e7ilerimiz ile i\u015f ortakl\u0131\u011f\u0131m\u0131z\u0131 geli\u015ftirmek.<\/li>\n<\/ul>\n","protected":false},"excerpt":{"rendered":"","protected":false},"author":2,"featured_media":0,"parent":0,"menu_order":0,"comment_status":"closed","ping_status":"closed","template":"","meta":{"footnotes":"","_links_to":"","_links_to_target":""},"class_list":["post-445","page","type-page","status-publish","hentry"],"_links":{"self":[{"href":"https:\/\/www.bumesh.com.tr\/tr\/wp-json\/wp\/v2\/pages\/445","targetHints":{"allow":["GET"]}}],"collection":[{"href":"https:\/\/www.bumesh.com.tr\/tr\/wp-json\/wp\/v2\/pages"}],"about":[{"href":"https:\/\/www.bumesh.com.tr\/tr\/wp-json\/wp\/v2\/types\/page"}],"author":[{"embeddable":true,"href":"https:\/\/www.bumesh.com.tr\/tr\/wp-json\/wp\/v2\/users\/2"}],"replies":[{"embeddable":true,"href":"https:\/\/www.bumesh.com.tr\/tr\/wp-json\/wp\/v2\/comments?post=445"}],"version-history":[{"count":1,"href":"https:\/\/www.bumesh.com.tr\/tr\/wp-json\/wp\/v2\/pages\/445\/revisions"}],"predecessor-version":[{"id":446,"href":"https:\/\/www.bumesh.com.tr\/tr\/wp-json\/wp\/v2\/pages\/445\/revisions\/446"}],"wp:attachment":[{"href":"https:\/\/www.bumesh.com.tr\/tr\/wp-json\/wp\/v2\/media?parent=445"}],"curies":[{"name":"wp","href":"https:\/\/api.w.org\/{rel}","templated":true}]}}