{"id":238,"date":"2021-08-12T00:13:20","date_gmt":"2021-08-11T21:13:20","guid":{"rendered":"https:\/\/www.bumesh.com.tr\/tr\/?page_id=238"},"modified":"2021-08-16T00:39:10","modified_gmt":"2021-08-15T21:39:10","slug":"sirket-tanitim-sunumu","status":"publish","type":"page","link":"https:\/\/www.bumesh.com.tr\/tr\/kurumsal\/sirket-tanitim-sunumu","title":{"rendered":"\u015eirket Tan\u0131t\u0131m Sunumu"},"content":{"rendered":"<div class=\"_df_book df-container df-loading \" id=\"df_398\"  wpoptions=\"true\" ><\/div><script data-cfasync=\"false\">var option_df_398 = {\"outline\":[],\"forceFit\":\"true\",\"autoEnableOutline\":\"false\",\"autoEnableThumbnail\":\"false\",\"overwritePDFOutline\":\"false\",\"direction\":\"1\",\"pageMode\":\"0\",\"source\":\"https:\\\/\\\/www.bumesh.com.tr\\\/tr\\\/wp-content\\\/uploads\\\/bumesh-company-presentation-tr.pdf\",\"wpOptions\":\"true\"}; if(window.DFLIP && DFLIP.parseBooks){DFLIP.parseBooks();}<\/script>\n","protected":false},"excerpt":{"rendered":"","protected":false},"author":2,"featured_media":0,"parent":213,"menu_order":0,"comment_status":"closed","ping_status":"closed","template":"pages\/page-empty.php","meta":{"footnotes":"","_links_to":"","_links_to_target":""},"class_list":["post-238","page","type-page","status-publish","hentry"],"_links":{"self":[{"href":"https:\/\/www.bumesh.com.tr\/tr\/wp-json\/wp\/v2\/pages\/238","targetHints":{"allow":["GET"]}}],"collection":[{"href":"https:\/\/www.bumesh.com.tr\/tr\/wp-json\/wp\/v2\/pages"}],"about":[{"href":"https:\/\/www.bumesh.com.tr\/tr\/wp-json\/wp\/v2\/types\/page"}],"author":[{"embeddable":true,"href":"https:\/\/www.bumesh.com.tr\/tr\/wp-json\/wp\/v2\/users\/2"}],"replies":[{"embeddable":true,"href":"https:\/\/www.bumesh.com.tr\/tr\/wp-json\/wp\/v2\/comments?post=238"}],"version-history":[{"count":2,"href":"https:\/\/www.bumesh.com.tr\/tr\/wp-json\/wp\/v2\/pages\/238\/revisions"}],"predecessor-version":[{"id":400,"href":"https:\/\/www.bumesh.com.tr\/tr\/wp-json\/wp\/v2\/pages\/238\/revisions\/400"}],"up":[{"embeddable":true,"href":"https:\/\/www.bumesh.com.tr\/tr\/wp-json\/wp\/v2\/pages\/213"}],"wp:attachment":[{"href":"https:\/\/www.bumesh.com.tr\/tr\/wp-json\/wp\/v2\/media?parent=238"}],"curies":[{"name":"wp","href":"https:\/\/api.w.org\/{rel}","templated":true}]}}