{"id":13,"date":"2021-08-09T18:11:32","date_gmt":"2021-08-09T15:11:32","guid":{"rendered":"https:\/\/www.bumesh.com.tr\/tr\/?page_id=13"},"modified":"2023-03-13T17:49:19","modified_gmt":"2023-03-13T14:49:19","slug":"hakkimizda","status":"publish","type":"page","link":"https:\/\/www.bumesh.com.tr\/tr\/kurumsal\/hakkimizda","title":{"rendered":"Hakk\u0131m\u0131zda"},"content":{"rendered":"\n<figure class=\"wp-block-image size-full\"><img loading=\"lazy\" decoding=\"async\" width=\"1024\" height=\"623\" src=\"https:\/\/www.bumesh.com.tr\/tr\/wp-content\/uploads\/bumesh-dis-cekim.jpg\" alt=\"\" class=\"wp-image-149\" srcset=\"https:\/\/www.bumesh.com.tr\/tr\/wp-content\/uploads\/bumesh-dis-cekim.jpg 1024w, https:\/\/www.bumesh.com.tr\/tr\/wp-content\/uploads\/bumesh-dis-cekim-300x183.jpg 300w, https:\/\/www.bumesh.com.tr\/tr\/wp-content\/uploads\/bumesh-dis-cekim-768x467.jpg 768w\" sizes=\"auto, (max-width: 1024px) 100vw, 1024px\" \/><\/figure>\n\n\n\n<p>Bumesh Technics kurucular\u0131n\u0131n uzun y\u0131llara varan otomotiv ve \u00fcretim tecr\u00fcbesi ile birlikte 2017 y\u0131l\u0131nda faaliyete ba\u015flam\u0131\u015f olup,  otomotiv par\u00e7alar\u0131 tasar\u0131m ve imalat\u0131n\u0131 alan\u0131nda uzmanla\u015fm\u0131\u015f bir \u015firket olma niteli\u011fi ta\u015f\u0131maktad\u0131r. Sac ve al\u00fcminyum seri par\u00e7a \u00fcretiminin yan\u0131 s\u0131ra, kal\u0131p tasar\u0131m &amp; imalat\u0131 alan\u0131nda da ileri m\u00fchendislik ve \u00fcretim teknolojilerini kullanarak profesyonel \u00e7\u00f6z\u00fcmler sunmaktad\u0131r.<\/p>\n\n\n\n<p>\u00dcr\u00fcn ve hizmetlerinde, kalitesinden \u00f6d\u00fcn vermeden m\u00fc\u015fteri memnuniyetini \u00f6n planda tutarak, toplum ve \u00e7evreye pozitif katl\u0131 sa\u011flayan, faaliyetlerinden elde etti\u011fi ba\u015far\u0131lar ile hedeflerini her ge\u00e7en g\u00fcn y\u00fckseltip, sekt\u00f6rde daha geni\u015f kitlelere hizmet etmeyi kendine ama\u00e7 edinerek, yer ald\u0131\u011f\u0131 sekt\u00f6rde farkl\u0131l\u0131k olu\u015fturup, otomotiv end\u00fcstrisinde yeni teknolojileri kullanarak tercih edilen ve rekabet\u00e7i bir firma olmay\u0131 hedeflemektedir.<\/p>\n\n\n\n<p>Otomotiv sekt\u00f6r\u00fcnde verimlilik ve kaliteyi, \u00f6n plana \u00e7\u0131kar\u0131p, standartlar\u0131 belirleyen \u00f6rnek bir firma olmay\u0131 vizyon edinmi\u015f, tasar\u0131m ve \u00fcretiminde ileri m\u00fchendislik ve \u00fcretim teknolojilerini kullanarak, h\u0131zla b\u00fcy\u00fcyen ve geli\u015fen sekt\u00f6r\u00fcn i\u00e7erisinde mutlak yerini muhafaza etkenin yan\u0131 s\u0131ra, her ge\u00e7en g\u00fcn yeni \u00f6\u011fretiler edinerek en iyiyi sunmay\u0131 ama\u00e7lamaktad\u0131r.<\/p>\n","protected":false},"excerpt":{"rendered":"<p>Bumesh Technics kurucular\u0131n\u0131n uzun y\u0131llara varan otomotiv ve \u00fcretim tecr\u00fcbesi ile birlikte 2017 y\u0131l\u0131nda faaliyete ba\u015flam\u0131\u015f olup, otomotiv par\u00e7alar\u0131 tasar\u0131m ve imalat\u0131n\u0131 alan\u0131nda uzmanla\u015fm\u0131\u015f bir \u015firket olma niteli\u011fi ta\u015f\u0131maktad\u0131r. Sac ve al\u00fcminyum seri par\u00e7a \u00fcretiminin yan\u0131 s\u0131ra, kal\u0131p tasar\u0131m &amp; imalat\u0131 alan\u0131nda da ileri m\u00fchendislik ve \u00fcretim teknolojilerini kullanarak profesyonel \u00e7\u00f6z\u00fcmler sunmaktad\u0131r. \u00dcr\u00fcn ve hizmetlerinde, [&hellip;]<\/p>\n","protected":false},"author":2,"featured_media":0,"parent":213,"menu_order":0,"comment_status":"closed","ping_status":"closed","template":"","meta":{"footnotes":"","_links_to":"","_links_to_target":""},"class_list":["post-13","page","type-page","status-publish","hentry"],"_links":{"self":[{"href":"https:\/\/www.bumesh.com.tr\/tr\/wp-json\/wp\/v2\/pages\/13","targetHints":{"allow":["GET"]}}],"collection":[{"href":"https:\/\/www.bumesh.com.tr\/tr\/wp-json\/wp\/v2\/pages"}],"about":[{"href":"https:\/\/www.bumesh.com.tr\/tr\/wp-json\/wp\/v2\/types\/page"}],"author":[{"embeddable":true,"href":"https:\/\/www.bumesh.com.tr\/tr\/wp-json\/wp\/v2\/users\/2"}],"replies":[{"embeddable":true,"href":"https:\/\/www.bumesh.com.tr\/tr\/wp-json\/wp\/v2\/comments?post=13"}],"version-history":[{"count":12,"href":"https:\/\/www.bumesh.com.tr\/tr\/wp-json\/wp\/v2\/pages\/13\/revisions"}],"predecessor-version":[{"id":451,"href":"https:\/\/www.bumesh.com.tr\/tr\/wp-json\/wp\/v2\/pages\/13\/revisions\/451"}],"up":[{"embeddable":true,"href":"https:\/\/www.bumesh.com.tr\/tr\/wp-json\/wp\/v2\/pages\/213"}],"wp:attachment":[{"href":"https:\/\/www.bumesh.com.tr\/tr\/wp-json\/wp\/v2\/media?parent=13"}],"curies":[{"name":"wp","href":"https:\/\/api.w.org\/{rel}","templated":true}]}}